{"id":72,"date":"2021-05-31T14:37:23","date_gmt":"2021-05-31T12:37:23","guid":{"rendered":"https:\/\/clarango.fr\/?page_id=72"},"modified":"2021-06-08T22:23:14","modified_gmt":"2021-06-08T20:23:14","slug":"contact","status":"publish","type":"page","link":"https:\/\/clarango.fr\/index.php\/contact\/","title":{"rendered":"Contact"},"content":{"rendered":"\n<p><strong>Fran\u00e7oise Canet \u00a0\u00bb clarango\u00a0\u00bb <\/strong><\/p>\n\n\n\n<p>adresse: 58 rue Deguingand 92300 Levallois Perret<\/p>\n\n\n\n<p>e mail : contact@clarango.fr<\/p>\n\n\n\n<p>mobile: +33 6 86 83 01 14<\/p>\n\n\n\n<figure class=\"wp-block-image size-large\"><img loading=\"lazy\" decoding=\"async\" width=\"1024\" height=\"434\" src=\"https:\/\/clarango.fr\/wp-content\/uploads\/2021\/06\/a3088b68-1d03-486d-bc3c-904cc91cea93_rw_1200-1024x434.png\" alt=\"\" class=\"wp-image-258\" srcset=\"https:\/\/clarango.fr\/wp-content\/uploads\/2021\/06\/a3088b68-1d03-486d-bc3c-904cc91cea93_rw_1200-1024x434.png 1024w, https:\/\/clarango.fr\/wp-content\/uploads\/2021\/06\/a3088b68-1d03-486d-bc3c-904cc91cea93_rw_1200-300x127.png 300w, https:\/\/clarango.fr\/wp-content\/uploads\/2021\/06\/a3088b68-1d03-486d-bc3c-904cc91cea93_rw_1200-768x326.png 768w, https:\/\/clarango.fr\/wp-content\/uploads\/2021\/06\/a3088b68-1d03-486d-bc3c-904cc91cea93_rw_1200.png 1200w\" sizes=\"auto, (max-width: 1024px) 100vw, 1024px\" \/><\/figure>\n\n\n\n<p><\/p>\n\n\n\n<p>Je propose suivant les cas les 3 approches : L&rsquo;art th\u00e9rapie contemporai<strong>ne<\/strong>, \u00a9ATC, l&rsquo;art-th\u00e9rapie \u00a0\u00bb classique\u00a0\u00bb, un mix entre un atelier de m\u00e9diation classique et l&rsquo;art- th\u00e9rapie,  avec chaque semaine un th\u00e8me po\u00e9tique qui change, en piochant dans les mati\u00e8res, dessinant, collant, modelant etc.  et des m\u00e9diations artistiques  peinture, collage, modelage, \u00e9criture.<\/p>\n\n\n\n<p>J\u2019exerce en lib\u00e9ral sur rendez-vous, en cabinet et en institution. Les s\u00e9ances se d\u00e9roulent en individuel ou en petit groupe. \/ Conditions Je pratique sur indication m\u00e9dicale ou son principe de non contre-indication.. Une prise en charge d\u00e9bute toujours par un entretien pr\u00e9liminaire individuel. L\u2019entr\u00e9e en art-th\u00e9rapie n\u2019exige aucun pr\u00e9requis et aucune pr\u00e9disposition artistique..Pour les particuliers, les s\u00e9ances d\u2019art-th\u00e9rapie ne sont pas prises en charge par la S\u00e9curit\u00e9 Sociale, toutefois certaines mutuelles les remboursent en partie (renseignez-vous), une facturation CESU peut \u00eatre envisag\u00e9e. Pour les institutions, entreprises et associations un contrat sera \u00e9tabli ; Les interventions  ponctuelles se feront en profession lib\u00e9rale (facturation micro entreprise). Un devis est \u00e9tabli apr\u00e8s \u00e9tude des besoins avec une prestation est r\u00e9guli\u00e8re ou ponctuelle.<\/p>\n\n\n\n<p><strong>D\u00e9roulement:&nbsp;<\/strong><\/p>\n\n\n\n<p>Un temps d\u2019accueil et d\u2019installation, un temps d\u2019\u00e9coute et d\u2019\u00e9change, la pr\u00e9sentation du th\u00e8me et un temps d\u2019activit\u00e9, un temps de r\u00e9flexion, de recul et repos. La dur\u00e9e d\u2019une art-th\u00e9rapie varie en fonction du besoin de chaque personne.<\/p>\n\n\n\n<p><strong>Mat\u00e9riel:&nbsp;<\/strong><\/p>\n\n\n\n<p>En consultation au cabinet le mat\u00e9riel est fourni par mes soins en fonction des s\u00e9ances. En t\u00e9l\u00e9consultation le mat\u00e9riel n&rsquo;est pas fourni.<\/p>\n\n\n\n<p><strong>Tarifs:\u00a0<\/strong><\/p>\n\n\n\n<p>Pour les particuliers : Adulte en individuel : 50\u20ac &#8211; Enfant ou personne en situation de pr\u00e9carit\u00e9 : 35\u20ac &#8211; Groupe de 2 \u00e0 6 pers : 30\u20ac &#8211; T\u00e9l\u00e9- consultation: 50\u20ac  (<em>Le prix indiqu\u00e9 est valable par personne et par s\u00e9ance<\/em>.)<\/p>\n\n\n\n<p><\/p>\n","protected":false},"excerpt":{"rendered":"<p>Fran\u00e7oise Canet \u00a0\u00bb clarango\u00a0\u00bb adresse: 58 rue Deguingand 92300 Levallois Perret e mail : contact@clarango.fr mobile: +33 6 86 83 01 14 Je propose suivant les cas les 3 approches : L&rsquo;art th\u00e9rapie contemporaine, \u00a9ATC, l&rsquo;art-th\u00e9rapie \u00a0\u00bb classique\u00a0\u00bb, un mix entre un atelier de m\u00e9diation classique et l&rsquo;art- th\u00e9rapie, avec chaque semaine un th\u00e8me po\u00e9tique&#8230; <\/p>\n<div class=\"read-more\"><a href=\"https:\/\/clarango.fr\/index.php\/contact\/\">Lire la suite<\/a><\/div>\n","protected":false},"author":1,"featured_media":0,"parent":0,"menu_order":0,"comment_status":"closed","ping_status":"closed","template":"page-templates\/full-width.php","meta":{"footnotes":""},"class_list":["post-72","page","type-page","status-publish","hentry"],"_links":{"self":[{"href":"https:\/\/clarango.fr\/index.php\/wp-json\/wp\/v2\/pages\/72","targetHints":{"allow":["GET"]}}],"collection":[{"href":"https:\/\/clarango.fr\/index.php\/wp-json\/wp\/v2\/pages"}],"about":[{"href":"https:\/\/clarango.fr\/index.php\/wp-json\/wp\/v2\/types\/page"}],"author":[{"embeddable":true,"href":"https:\/\/clarango.fr\/index.php\/wp-json\/wp\/v2\/users\/1"}],"replies":[{"embeddable":true,"href":"https:\/\/clarango.fr\/index.php\/wp-json\/wp\/v2\/comments?post=72"}],"version-history":[{"count":7,"href":"https:\/\/clarango.fr\/index.php\/wp-json\/wp\/v2\/pages\/72\/revisions"}],"predecessor-version":[{"id":323,"href":"https:\/\/clarango.fr\/index.php\/wp-json\/wp\/v2\/pages\/72\/revisions\/323"}],"wp:attachment":[{"href":"https:\/\/clarango.fr\/index.php\/wp-json\/wp\/v2\/media?parent=72"}],"curies":[{"name":"wp","href":"https:\/\/api.w.org\/{rel}","templated":true}]}}