{"id":71,"date":"2021-05-31T14:37:23","date_gmt":"2021-05-31T12:37:23","guid":{"rendered":"https:\/\/clarango.fr\/?page_id=71"},"modified":"2021-06-06T23:31:40","modified_gmt":"2021-06-06T21:31:40","slug":"a-propos-de","status":"publish","type":"page","link":"https:\/\/clarango.fr\/index.php\/a-propos-de\/","title":{"rendered":"\u00c0 propos de moi&#8230;"},"content":{"rendered":"\n<p><strong>Mon parcours :\u00a0<\/strong>Des \u00e9tudes artistiques apr\u00e8s un bac philosophie &#8211; Universit\u00e9 PARIS VIII: Maitrise, arts plastiques holographie &#8211; ECOLE NATIONALE SUPERIEURE DES ARTS DECORATIFS (ENSAD) Paris &#8211; BEAUX ARTS Design environnement ( f\u00e9licitations du jury), puis une carri\u00e8re dans la communication notamment comme RESPONSABLE IDENTITE VISUELLE dans un groupe international.<\/p>\n\n\n\n<p id=\"block-2085949f-28e3-4aa5-a6a5-7ef321f12cd2\"><strong>Formation Profac<\/strong>\u00a0<strong>d&rsquo;Art-Th\u00e9rapeute \u00e0 PROFAC<\/strong>: Institut de recherche en psychologie appliqu\u00e9e et formation en art-th\u00e9rapie contemporaine \u00e9clair\u00e9e par la psychanalyse \u00a9ATC formation avec certification RNCP agr\u00e9\u00e9e par l\u2019\u00e9tat.\u00a0 <strong>Art- Th\u00e9rapeute Certifi\u00e9e en 2021<\/strong><\/p>\n\n\n\n<p><strong>Mes centres d\u2019int\u00e9r\u00eat:\u00a0<\/strong>L\u2019art en g\u00e9n\u00e9ral, le dessin, l&rsquo;art num\u00e9rique, la sculpture et arts plastiques divers, la photo, le design, la philosophie, la psychologie.<\/p>\n","protected":false},"excerpt":{"rendered":"<p>Mon parcours :\u00a0Des \u00e9tudes artistiques apr\u00e8s un bac philosophie &#8211; Universit\u00e9 PARIS VIII: Maitrise, arts plastiques holographie &#8211; ECOLE NATIONALE SUPERIEURE DES ARTS DECORATIFS (ENSAD) Paris &#8211; BEAUX ARTS Design environnement ( f\u00e9licitations du jury), puis une carri\u00e8re dans la communication notamment comme RESPONSABLE IDENTITE VISUELLE dans un groupe international. Formation Profac\u00a0d&rsquo;Art-Th\u00e9rapeute \u00e0 PROFAC: Institut&#8230; <\/p>\n<div class=\"read-more\"><a href=\"https:\/\/clarango.fr\/index.php\/a-propos-de\/\">Lire la suite<\/a><\/div>\n","protected":false},"author":1,"featured_media":0,"parent":0,"menu_order":0,"comment_status":"closed","ping_status":"closed","template":"page-templates\/full-width.php","meta":{"footnotes":""},"class_list":["post-71","page","type-page","status-publish","hentry"],"_links":{"self":[{"href":"https:\/\/clarango.fr\/index.php\/wp-json\/wp\/v2\/pages\/71","targetHints":{"allow":["GET"]}}],"collection":[{"href":"https:\/\/clarango.fr\/index.php\/wp-json\/wp\/v2\/pages"}],"about":[{"href":"https:\/\/clarango.fr\/index.php\/wp-json\/wp\/v2\/types\/page"}],"author":[{"embeddable":true,"href":"https:\/\/clarango.fr\/index.php\/wp-json\/wp\/v2\/users\/1"}],"replies":[{"embeddable":true,"href":"https:\/\/clarango.fr\/index.php\/wp-json\/wp\/v2\/comments?post=71"}],"version-history":[{"count":11,"href":"https:\/\/clarango.fr\/index.php\/wp-json\/wp\/v2\/pages\/71\/revisions"}],"predecessor-version":[{"id":314,"href":"https:\/\/clarango.fr\/index.php\/wp-json\/wp\/v2\/pages\/71\/revisions\/314"}],"wp:attachment":[{"href":"https:\/\/clarango.fr\/index.php\/wp-json\/wp\/v2\/media?parent=71"}],"curies":[{"name":"wp","href":"https:\/\/api.w.org\/{rel}","templated":true}]}}