{"id":167,"date":"2021-06-01T15:05:28","date_gmt":"2021-06-01T13:05:28","guid":{"rendered":"https:\/\/clarango.fr\/?page_id=167"},"modified":"2021-06-06T23:12:04","modified_gmt":"2021-06-06T21:12:04","slug":"mediations-artistiques","status":"publish","type":"page","link":"https:\/\/clarango.fr\/index.php\/mediations-artistiques\/","title":{"rendered":"M\u00e9diations artistiques"},"content":{"rendered":"\n<p><strong>Les m\u00e9diations artistiques&nbsp; sont en dehors dehors du champ du soin,<\/strong>&nbsp;ces ateliers de cr\u00e9ation et d\u2019expression (peinture, collages, sculpture, \u00e9criture\u2026)&nbsp;. <strong>Il ne s&rsquo;agit pas d&rsquo;une th\u00e9rapie<\/strong>&nbsp;mais d&rsquo;une relation d&rsquo;aide qui peut avoir des effets th\u00e9rapeutiques : favoriser l&rsquo;estime de soi, la confiance en soi, entrer en relation avec l&rsquo;autre, permettre une d\u00e9tente psychique en d\u00e9nouant des tensions, probl\u00e9matiques familiales telles que deuils ou s\u00e9parations, agressivit\u00e9, troubles du sommeil, de l&rsquo;alimentation, du langage, de la concentration.&nbsp;<\/p>\n\n\n\n<p><strong>C&rsquo;est un lieu d&rsquo;expression, de cr\u00e9ation et de production d&rsquo;objets qui peut permettre de lib\u00e9rer des \u00e9motions, de canaliser ou stimuler la cr\u00e9ativit\u00e9<\/strong>, favorisant ainsi\u00a0 l\u2019estime de soi en aidant \u00e0 faire abstraction de tout esprit de comp\u00e9tition. Il s\u2019agit avant tout de prendre (reprendre) confiance, de \u00abrebondir\u00bb \u00e0 partir de la cr\u00e9ativit\u00e9.\u00a0<strong>Oser \u00ab\u00eatre\u00bb.<\/strong><\/p>\n\n\n\n<p>Aucun don particulier n&rsquo;est n\u00e9cessaire,&nbsp;chacun peut trouver sa&nbsp;place singuli\u00e8re&nbsp;dans cet atelier, quelles que soient ses capacit\u00e9s motrices et intellectuelles.&nbsp; Les ateliers sont bas\u00e9s sur le bricolage \u00e0 partir de mat\u00e9riaux de r\u00e9cup\u00e9ration ou de diverses techniques artistiques : peinture, dessin, sculpture, cartonnage, construction d&rsquo;objets divers etc. Les projets sont propos\u00e9s sur le court terme (une seule s\u00e9ance) ou le long terme selon les participants.<\/p>\n\n\n\n<p>Elles sont particuli\u00e8rement adapt\u00e9es aux enfants en difficult\u00e9 psychique et\/ou sociale.<strong>\u00ab\u00a0Prends ta place\u00a0\u00bb<\/strong><\/p>\n\n\n\n<p>Exemples&nbsp; d ateliers : <\/p>\n\n\n\n<p>&nbsp;peinture, collage :<\/p>\n\n\n\n<ul class=\"wp-block-list\"><li>Masque, miroir de soi\u2026Qui suis je ?, mon portait enrichie par des illustrations personnalis\u00e9es<\/li><li>Arbre \u00e0 souhaits<\/li><li>Expression de son Instant pr\u00e9sent et de ses\u00a0 \u00e9motions, je suis triste, je suis joyeux etc.<\/li><li>Mandala d\u2019identit\u00e9<\/li><\/ul>\n\n\n\n<p>Ecriture :<\/p>\n\n\n\n<ul class=\"wp-block-list\"><li>Ecrire un po\u00e8me en 3 lignes : Ha\u00cfku  <em>Ce po\u00e8me est \u00e9crit au pr\u00e9sent et parle de choses simples, Il est centr\u00e9 sur&nbsp; un instant de vie, un moment, un regard, l\u2019\u00e9coute d\u2019un son&nbsp; ce qui se passe, pas sur l&rsquo;auteur, il utilise les cinq sens. La r\u00e8gle d\u2019\u00e9criture importante est de toujours utiliser un mot ou une expression permettant de situer le po\u00e8me dans une des quatre saisons&nbsp;: printemps, \u00e9t\u00e9, automne et hiver.<\/em><\/li><li>Ecrire un conte illustr\u00e9<\/li><\/ul>\n","protected":false},"excerpt":{"rendered":"<p>Les m\u00e9diations artistiques&nbsp; sont en dehors dehors du champ du soin,&nbsp;ces ateliers de cr\u00e9ation et d\u2019expression (peinture, collages, sculpture, \u00e9criture\u2026)&nbsp;. Il ne s&rsquo;agit pas d&rsquo;une th\u00e9rapie&nbsp;mais d&rsquo;une relation d&rsquo;aide qui peut avoir des effets th\u00e9rapeutiques : favoriser l&rsquo;estime de soi, la confiance en soi, entrer en relation avec l&rsquo;autre, permettre une d\u00e9tente psychique en d\u00e9nouant&#8230; <\/p>\n<div class=\"read-more\"><a href=\"https:\/\/clarango.fr\/index.php\/mediations-artistiques\/\">Lire la suite<\/a><\/div>\n","protected":false},"author":1,"featured_media":0,"parent":0,"menu_order":0,"comment_status":"closed","ping_status":"closed","template":"page-templates\/full-width.php","meta":{"footnotes":""},"class_list":["post-167","page","type-page","status-publish","hentry"],"_links":{"self":[{"href":"https:\/\/clarango.fr\/index.php\/wp-json\/wp\/v2\/pages\/167","targetHints":{"allow":["GET"]}}],"collection":[{"href":"https:\/\/clarango.fr\/index.php\/wp-json\/wp\/v2\/pages"}],"about":[{"href":"https:\/\/clarango.fr\/index.php\/wp-json\/wp\/v2\/types\/page"}],"author":[{"embeddable":true,"href":"https:\/\/clarango.fr\/index.php\/wp-json\/wp\/v2\/users\/1"}],"replies":[{"embeddable":true,"href":"https:\/\/clarango.fr\/index.php\/wp-json\/wp\/v2\/comments?post=167"}],"version-history":[{"count":8,"href":"https:\/\/clarango.fr\/index.php\/wp-json\/wp\/v2\/pages\/167\/revisions"}],"predecessor-version":[{"id":307,"href":"https:\/\/clarango.fr\/index.php\/wp-json\/wp\/v2\/pages\/167\/revisions\/307"}],"wp:attachment":[{"href":"https:\/\/clarango.fr\/index.php\/wp-json\/wp\/v2\/media?parent=167"}],"curies":[{"name":"wp","href":"https:\/\/api.w.org\/{rel}","templated":true}]}}