{"id":166,"date":"2021-06-01T15:05:28","date_gmt":"2021-06-01T13:05:28","guid":{"rendered":"https:\/\/clarango.fr\/?page_id=166"},"modified":"2021-06-06T23:57:29","modified_gmt":"2021-06-06T21:57:29","slug":"art-therapie","status":"publish","type":"page","link":"https:\/\/clarango.fr\/index.php\/art-therapie\/","title":{"rendered":"Art- Th\u00e9rapie"},"content":{"rendered":"\n<p>Depuis la nuit des temps, les hommes ont toujours per\u00e7u un pouvoir th\u00e9rapeutique dans l\u2019art, mais il faudra attendre le d\u00e9but du 20e si\u00e8cle pour en prendre pleinement conscience. Freud th\u00e9orise et enseigne la symbolisation, qui deviendra le socle du d\u00e9veloppement de l\u2019art-th\u00e9rapie. On retrouve dans son sens premier le mot d\u2019 origine latine, \u00ab\u00a0art\u00a0\u00bb qui\u00a0 signifie \u00ab\u00a0faire avec\u00a0\u00bb, et c\u2019est de cela qu\u2019il s\u2019agit en s\u00e9ance. L\u2019atelier d\u2019 art-th\u00e9rapie n\u2019est pas un atelier de dessin ou de sculpture, c\u2019est un atelier de bricolage \u00e9ph\u00e9m\u00e8re qui emm\u00e8ne la personne dans\u00a0une voie singuli\u00e8re pour oser, pour se r\u00e9inventer, se dire, reprendre sa parole, \u00e0 l\u2019abri de tout jugement, de tout objectif esth\u00e9tique ou de quoique ce soit d\u2019autre. Ce processus cr\u00e9atif tend \u00e0 permettre de mettre des mots sur nos maux et retrouver une nouvelle respiration pour continuer son chemin\u2026.<\/p>\n\n\n\n<p><em>L&rsquo;art th\u00e9rapie est reconnue  depuis le 24 janvier 2020 comme b\u00e9n\u00e9fique pour la sant\u00e9 mentale et psychique par l&rsquo;OMS l&rsquo;Organisation Mondiale de la Sant\u00e9<\/em><\/p>\n\n\n\n<ul class=\"wp-block-list\" id=\"block-39e7c2d3-50be-4227-9d2b-60db941f0ae8\"><li><strong>L&rsquo;art th\u00e9rapie contemporaine<\/strong>,<strong> \u00ab\u00a0<\/strong>\u00a9ATC est une m\u00e9thode de soin de support permettant de d\u00e9passer les difficult\u00e9s personnelles par le biais d\u2019une stimulation des capacit\u00e9s cr\u00e9atrices. N\u2019\u00e9tant pas orient\u00e9e par la cr\u00e9ation d\u2019une \u0153uvre et lib\u00e9r\u00e9e des contraintes classiques de repr\u00e9sentation, elle s\u2019appuie sur une exp\u00e9rience intime de cr\u00e9ativit\u00e9 inscrite dans un cadre de rencontre \u00e0 vis\u00e9e th\u00e9rapeutique et prend donc en compte certains concepts psychanalytiques non mystiques permettant de ne pas n\u00e9gliger la r\u00e9alit\u00e9 des ph\u00e9nom\u00e8nes psychiques li\u00e9s \u00e0 cette situation singuli\u00e8re. Elle se diff\u00e9rencie clairement des m\u00e9diations artistiques, des ateliers de cr\u00e9ation, de l\u2019art-th\u00e9rapie traditionnelle dans la mesure o\u00f9 elle ne proc\u00e8de \u00e0 aucune interpr\u00e9tation et enfin de l\u2019art-th\u00e9rapie moderne en se situant contre toute forme d\u2019exploitation du potentiel artistique. En marge d\u2019une production traditionnelle d\u2019objets fig\u00e9s dont le devenir est toujours probl\u00e9matique les dispositifs de l\u2019ATC tiennent de l\u2019art contemporain sa vocation \u00e9ph\u00e9m\u00e8re visant une forme de d\u00e9mat\u00e9rialisation au profit d\u2019une logique de relation en phase avec la r\u00e9alit\u00e9 transitoire des mouvements transf\u00e9rentiels.\u00a0\u00bb\u00a0<em>Jean-Pierre Royol, directeur de Profac, Psychologue clinicien Docteur en psychologie et psychopathologie clinique.<\/em><\/li><\/ul>\n\n\n\n<p><\/p>\n\n\n\n<ul class=\"wp-block-list\" id=\"block-39e7c2d3-50be-4227-9d2b-60db941f0ae8\"><li><strong>Qu&rsquo;est ce qui differencie l\u2019\u00a9ATC<\/strong> <strong>avec l\u2019art-th\u00e9rapie \u00ab classique \u00bb?<\/strong> La diff\u00e9rence est que cette m\u00e9thode n\u2019est pas orient\u00e9e vers la production d\u2019un objet ou d\u2019une \u0153uvre : elle s\u2019est lib\u00e9r\u00e9e des contraintes classiques de la repr\u00e9sentation, ce qui lui permet aussi de r\u00e9sister aux injonctions de production d\u2019exposition. Elle choisit de se tenir en marge du traitement \u00ab habituel \u00bb des productions des patients, c\u2019est-\u00e0-dire e qui est r\u00e9alis\u00e9 en s\u00e9ance et soit d\u00e9truit, soit gard\u00e9 \u00e0 l&rsquo;atelier en aucun cas il y a publications, par \u00e9thique et pour des questions de droits d\u2019auteurs et des \u00e9ventuels ayant-droits.<\/li><\/ul>\n\n\n\n<p><\/p>\n\n\n\n<ul class=\"wp-block-list\" id=\"block-39e7c2d3-50be-4227-9d2b-60db941f0ae8\"><li><strong>Quelles sont les diff\u00e9rences avec les m\u00e9diations artistiques?:<\/strong> La m\u00e9diation utilise l\u2019art pour se mettre au service d\u2019un projet souvent plus global et social. La m\u00e9diation artistique est utilis\u00e9e dans le sens pour mettre en avant l\u2019outil principal afin de favoriser l\u2019expression artistique vers une production, un objet fini. Elle a des effets th\u00e9rapeutiques. Il s\u2019agit donc de se faire du bien en trouvant une mani\u00e8re de s\u2019ext\u00e9rioriser, de se d\u00e9passer et reprendre confiance en soi.En m\u00e9diation artistique, c\u2019est la relation \u00e0 l\u2019objet qui est pr\u00e9pond\u00e9rante. Le m\u00e9diateur artistique est interchangeable (l\u2019art-th\u00e9rapeute ne l\u2019est pas). En m\u00e9diation, m\u00eame si le cadre n\u2019est pas \u00ab\u00a0th\u00e9rapeutique\u00a0\u00bb \u00e0 proprement parler, l\u2019accueil des personnes reste sp\u00e9cifique. Les outils artistiques sont l\u00e0 pour faciliter l\u2019expression singuli\u00e8re de chacun.<\/li><\/ul>\n\n\n\n<p id=\"block-1d62422f-d51c-4224-acae-0250444e1401\"><em>L<\/em><\/p>\n","protected":false},"excerpt":{"rendered":"<p>Depuis la nuit des temps, les hommes ont toujours per\u00e7u un pouvoir th\u00e9rapeutique dans l\u2019art, mais il faudra attendre le d\u00e9but du 20e si\u00e8cle pour en prendre pleinement conscience. Freud th\u00e9orise et enseigne la symbolisation, qui deviendra le socle du d\u00e9veloppement de l\u2019art-th\u00e9rapie. On retrouve dans son sens premier le mot d\u2019 origine latine, \u00ab\u00a0art\u00a0\u00bb&#8230; <\/p>\n<div class=\"read-more\"><a href=\"https:\/\/clarango.fr\/index.php\/art-therapie\/\">Lire la suite<\/a><\/div>\n","protected":false},"author":1,"featured_media":0,"parent":0,"menu_order":0,"comment_status":"closed","ping_status":"closed","template":"page-templates\/full-width.php","meta":{"footnotes":""},"class_list":["post-166","page","type-page","status-publish","hentry"],"_links":{"self":[{"href":"https:\/\/clarango.fr\/index.php\/wp-json\/wp\/v2\/pages\/166","targetHints":{"allow":["GET"]}}],"collection":[{"href":"https:\/\/clarango.fr\/index.php\/wp-json\/wp\/v2\/pages"}],"about":[{"href":"https:\/\/clarango.fr\/index.php\/wp-json\/wp\/v2\/types\/page"}],"author":[{"embeddable":true,"href":"https:\/\/clarango.fr\/index.php\/wp-json\/wp\/v2\/users\/1"}],"replies":[{"embeddable":true,"href":"https:\/\/clarango.fr\/index.php\/wp-json\/wp\/v2\/comments?post=166"}],"version-history":[{"count":14,"href":"https:\/\/clarango.fr\/index.php\/wp-json\/wp\/v2\/pages\/166\/revisions"}],"predecessor-version":[{"id":320,"href":"https:\/\/clarango.fr\/index.php\/wp-json\/wp\/v2\/pages\/166\/revisions\/320"}],"wp:attachment":[{"href":"https:\/\/clarango.fr\/index.php\/wp-json\/wp\/v2\/media?parent=166"}],"curies":[{"name":"wp","href":"https:\/\/api.w.org\/{rel}","templated":true}]}}