{"id":130,"date":"2021-05-31T23:37:40","date_gmt":"2021-05-31T21:37:40","guid":{"rendered":"https:\/\/clarango.fr\/?page_id=130"},"modified":"2021-06-06T23:22:06","modified_gmt":"2021-06-06T21:22:06","slug":"accueil","status":"publish","type":"page","link":"https:\/\/clarango.fr\/","title":{"rendered":"Accueil"},"content":{"rendered":"\n<p><strong><span style=\"color:#051ef9\" class=\"has-inline-color\">\u00ab&nbsp;Je suis la seule personne au monde que j\u2019aimerais conna\u00eetre de fond en comble, mais cela m\u2019est impossible pour le moment\u202f\u00bb Oscar Wilde<\/span><\/strong><\/p>\n\n\n\n<p>L\u2019art-th\u00e9rapie tente de r\u00e9pondre pour sortir de ce sentiment d\u2019isolement en utilisant l\u2019activit\u00e9 cr\u00e9ative comme moyen et lieu d\u2019\u00e9changes, permettant une refonte du lien social. Elle s\u2019inscrit dans un processus relationnel en privil\u00e9giant l\u2019expression non verbale et occupe une place singuli\u00e8re en se situant hors du temps chronos et en fait l\u2019expression de la sensation qui cr\u00e9e de la profondeur dans l\u2019instant.<\/p>\n\n\n\n<p>L&rsquo;art th\u00e9rapeute travaille \u00e0 la r\u00e9 \u00e9mergence du d\u00e9sir et au retour du plaisir, celui de faire et celui d\u2019agir sur les \u00e9v\u00e9nements et non de subir. Il tente de restaurer une place et l\u2019envie de la prendre (exclusion vers inclusion de soi, redevenue envisageable), retrouver un nouvel \u00e9lan pulsionnel, un pouvoir d\u2019action sur les choses, un pouvoir de les modifier pour commencer \u00e0 \u00e9laborer un possible devenir.<\/p>\n\n\n\n<p>L\u2019art-th\u00e9rapeute avec une \u00e9coute bienveillante, facilite le retour \u00e0 sa r\u00e9alit\u00e9 avec une approche progressive des difficult\u00e9s.<\/p>\n\n\n\n<ul class=\"wp-block-list\"><li>conflits relationnels (isolement, harc\u00e8lement ou violence), <\/li><li>conflits psychologiques (d\u00e9pendance, \u00e9tat d\u00e9pressif, deuil),<\/li><li>maladies somatiques (cancer, accident c\u00e9r\u00e9bro-vasculaire),<\/li><li>troubles psychiatriques ou sensori-moteur,<\/li><li>pr\u00e9ventive pour \u00e9viter l\u2019installation d\u2019un conflit,<\/li><li>dynamique pour d\u00e9passer une situation difficile, pr\u00e9carit\u00e9 psychique<\/li><li>curative pour effectuer un travail singulier.<\/li><\/ul>\n\n\n\n<p><\/p>\n\n\n\n<p><\/p>\n\n\n\n<p><\/p>\n\n\n\n<p><\/p>\n\n\n\n<p><\/p>\n\n\n\n<p><\/p>\n\n\n\n<p><strong>Fran\u00e7oise Canet, Art- Th\u00e9rapeute: Paris &#8211; \u00cele de France &#8211; contact@clarango.fr<\/strong><\/p>\n","protected":false},"excerpt":{"rendered":"<p>\u00ab&nbsp;Je suis la seule personne au monde que j\u2019aimerais conna\u00eetre de fond en comble, mais cela m\u2019est impossible pour le moment\u202f\u00bb Oscar Wilde L\u2019art-th\u00e9rapie tente de r\u00e9pondre pour sortir de ce sentiment d\u2019isolement en utilisant l\u2019activit\u00e9 cr\u00e9ative comme moyen et lieu d\u2019\u00e9changes, permettant une refonte du lien social. Elle s\u2019inscrit dans un processus relationnel en&#8230; <\/p>\n<div class=\"read-more\"><a href=\"https:\/\/clarango.fr\/\">Lire la suite<\/a><\/div>\n","protected":false},"author":1,"featured_media":0,"parent":0,"menu_order":0,"comment_status":"closed","ping_status":"closed","template":"page-templates\/full-width.php","meta":{"footnotes":""},"class_list":["post-130","page","type-page","status-publish","hentry"],"_links":{"self":[{"href":"https:\/\/clarango.fr\/index.php\/wp-json\/wp\/v2\/pages\/130","targetHints":{"allow":["GET"]}}],"collection":[{"href":"https:\/\/clarango.fr\/index.php\/wp-json\/wp\/v2\/pages"}],"about":[{"href":"https:\/\/clarango.fr\/index.php\/wp-json\/wp\/v2\/types\/page"}],"author":[{"embeddable":true,"href":"https:\/\/clarango.fr\/index.php\/wp-json\/wp\/v2\/users\/1"}],"replies":[{"embeddable":true,"href":"https:\/\/clarango.fr\/index.php\/wp-json\/wp\/v2\/comments?post=130"}],"version-history":[{"count":10,"href":"https:\/\/clarango.fr\/index.php\/wp-json\/wp\/v2\/pages\/130\/revisions"}],"predecessor-version":[{"id":311,"href":"https:\/\/clarango.fr\/index.php\/wp-json\/wp\/v2\/pages\/130\/revisions\/311"}],"wp:attachment":[{"href":"https:\/\/clarango.fr\/index.php\/wp-json\/wp\/v2\/media?parent=130"}],"curies":[{"name":"wp","href":"https:\/\/api.w.org\/{rel}","templated":true}]}}